{"id":107,"date":"2025-08-08T17:13:00","date_gmt":"2025-08-08T17:13:00","guid":{"rendered":"https:\/\/merveillesquantiques.com\/?page_id=107"},"modified":"2025-08-09T11:07:34","modified_gmt":"2025-08-09T11:07:34","slug":"presentation","status":"publish","type":"page","link":"https:\/\/merveillesquantiques.com\/index.php\/presentation\/","title":{"rendered":"Pr\u00e9sentation"},"content":{"rendered":"\t\t<div data-elementor-type=\"wp-page\" data-elementor-id=\"107\" class=\"elementor elementor-107\">\n\t\t\t\t\t\t<section class=\"elementor-section elementor-top-section elementor-element elementor-element-22f40299 elementor-section-height-min-height elementor-section-boxed elementor-section-height-default elementor-section-items-middle\" data-id=\"22f40299\" data-element_type=\"section\" data-e-type=\"section\" data-settings=\"{&quot;background_background&quot;:&quot;classic&quot;}\">\n\t\t\t\t\t\t\t<div class=\"elementor-background-overlay\"><\/div>\n\t\t\t\t\t\t\t<div class=\"elementor-container elementor-column-gap-default\">\n\t\t\t\t\t<div class=\"elementor-column elementor-col-100 elementor-top-column elementor-element elementor-element-312aa18e\" data-id=\"312aa18e\" data-element_type=\"column\" data-e-type=\"column\">\n\t\t\t<div class=\"elementor-widget-wrap elementor-element-populated\">\n\t\t\t\t\t\t<section class=\"elementor-section elementor-inner-section elementor-element elementor-element-c69cf5f elementor-section-boxed elementor-section-height-default elementor-section-height-default\" data-id=\"c69cf5f\" data-element_type=\"section\" data-e-type=\"section\">\n\t\t\t\t\t\t<div class=\"elementor-container elementor-column-gap-default\">\n\t\t\t\t\t<div class=\"elementor-column elementor-col-100 elementor-inner-column elementor-element elementor-element-8883dfe\" data-id=\"8883dfe\" data-element_type=\"column\" data-e-type=\"column\">\n\t\t\t<div class=\"elementor-widget-wrap elementor-element-populated\">\n\t\t\t\t\t\t<div class=\"elementor-element elementor-element-37354836 elementor-widget-mobile__width-initial elementor-invisible elementor-widget elementor-widget-heading\" data-id=\"37354836\" data-element_type=\"widget\" data-e-type=\"widget\" data-settings=\"{&quot;_animation&quot;:&quot;fadeIn&quot;,&quot;_animation_delay&quot;:100}\" data-widget_type=\"heading.default\">\n\t\t\t\t\t<h1 class=\"elementor-heading-title elementor-size-default\">PR\u00c9SENTATION<\/h1>\t\t\t\t<\/div>\n\t\t\t\t\t<\/div>\n\t\t<\/div>\n\t\t\t\t\t<\/div>\n\t\t<\/section>\n\t\t\t\t\t<\/div>\n\t\t<\/div>\n\t\t\t\t\t<\/div>\n\t\t<\/section>\n\t\t\t\t<section class=\"elementor-section elementor-top-section elementor-element elementor-element-2ff7e2c4 elementor-section-full_width envato-kit-165-flush-left envato-kit-165-top-0 elementor-reverse-mobile elementor-section-height-default elementor-section-height-default\" data-id=\"2ff7e2c4\" data-element_type=\"section\" data-e-type=\"section\" data-settings=\"{&quot;background_background&quot;:&quot;classic&quot;}\">\n\t\t\t\t\t\t<div class=\"elementor-container elementor-column-gap-no\">\n\t\t\t\t\t<div class=\"elementor-column elementor-col-50 elementor-top-column elementor-element elementor-element-58a866f8 elementor-invisible\" data-id=\"58a866f8\" data-element_type=\"column\" data-e-type=\"column\" data-settings=\"{&quot;background_background&quot;:&quot;classic&quot;,&quot;animation&quot;:&quot;fadeIn&quot;,&quot;animation_delay&quot;:100}\">\n\t\t\t<div class=\"elementor-widget-wrap elementor-element-populated\">\n\t\t\t\t\t\t<div class=\"elementor-element elementor-element-39fffbfc elementor-widget elementor-widget-spacer\" data-id=\"39fffbfc\" data-element_type=\"widget\" data-e-type=\"widget\" data-widget_type=\"spacer.default\">\n\t\t\t\t\t\t\t<div class=\"elementor-spacer\">\n\t\t\t<div class=\"elementor-spacer-inner\"><\/div>\n\t\t<\/div>\n\t\t\t\t\t\t<\/div>\n\t\t\t\t\t<\/div>\n\t\t<\/div>\n\t\t\t\t<div class=\"elementor-column elementor-col-50 elementor-top-column elementor-element elementor-element-2c9fc2ff\" data-id=\"2c9fc2ff\" data-element_type=\"column\" data-e-type=\"column\">\n\t\t\t<div class=\"elementor-widget-wrap elementor-element-populated\">\n\t\t\t\t\t\t<section class=\"elementor-section elementor-inner-section elementor-element elementor-element-a3733d9 elementor-reverse-mobile elementor-section-boxed elementor-section-height-default elementor-section-height-default\" data-id=\"a3733d9\" data-element_type=\"section\" data-e-type=\"section\" data-settings=\"{&quot;background_background&quot;:&quot;classic&quot;}\">\n\t\t\t\t\t\t<div class=\"elementor-container elementor-column-gap-no\">\n\t\t\t\t\t<div class=\"elementor-column elementor-col-100 elementor-inner-column elementor-element elementor-element-780f6dbf\" data-id=\"780f6dbf\" data-element_type=\"column\" data-e-type=\"column\" data-settings=\"{&quot;background_background&quot;:&quot;classic&quot;}\">\n\t\t\t<div class=\"elementor-widget-wrap elementor-element-populated\">\n\t\t\t\t\t\t<div class=\"elementor-element elementor-element-7d98cb58 elementor-widget__width-initial elementor-invisible elementor-widget elementor-widget-heading\" data-id=\"7d98cb58\" data-element_type=\"widget\" data-e-type=\"widget\" data-settings=\"{&quot;_animation&quot;:&quot;fadeIn&quot;,&quot;_animation_delay&quot;:100}\" data-widget_type=\"heading.default\">\n\t\t\t\t\t<span class=\"elementor-heading-title elementor-size-default\">qui-SUIS-JE ?<\/span>\t\t\t\t<\/div>\n\t\t\t\t<div class=\"elementor-element elementor-element-65ed94f5 elementor-invisible elementor-widget elementor-widget-heading\" data-id=\"65ed94f5\" data-element_type=\"widget\" data-e-type=\"widget\" data-settings=\"{&quot;_animation&quot;:&quot;fadeIn&quot;,&quot;_animation_delay&quot;:150}\" data-widget_type=\"heading.default\">\n\t\t\t\t\t<h2 class=\"elementor-heading-title elementor-size-default\">GASTON TCHOUAMOU<\/h2>\t\t\t\t<\/div>\n\t\t\t\t<div class=\"elementor-element elementor-element-c4b835 elementor-invisible elementor-widget elementor-widget-text-editor\" data-id=\"c4b835\" data-element_type=\"widget\" data-e-type=\"widget\" data-settings=\"{&quot;_animation&quot;:&quot;fadeIn&quot;,&quot;_animation_delay&quot;:250}\" data-widget_type=\"text-editor.default\">\n\t\t\t\t\t\t\t\t\t<p>Apr\u00e8s plusieurs ann\u00e9es d\u2019exp\u00e9rience dans le domaine du sport et de ses bienfaits sur le corps, puis la cr\u00e9ation de mon entreprise dans l\u2019outillage, j\u2019ai ressenti un profond besoin de retour aux sources. Cette qu\u00eate m\u2019a naturellement guid\u00e9e vers l\u2019humain, anim\u00e9e par l\u2019envie d\u2019accompagner, de soulager et de faciliter la vie des autres. C\u2019est ainsi que je suis revenu vers ce m\u00e9tier porteur de sens.<\/p><p><em>Dipl\u00f4m\u00e9 du QE BASIC &amp; ADVANCED du Quantum Entrainment depuis le 23 octobre 2016 par Kinslow System, j&rsquo;exerce depuis bient\u00f4t 10 ans.<\/em><\/p><p style=\"text-align: center; margin-top: 20px;\"><img decoding=\"async\" style=\"max-width: 100px; height: auto;\" src=\"http:\/\/merveillesquantiques.com\/wp-content\/uploads\/2025\/08\/kinslow-logo-diplome.jpg\" alt=\"Logo Quantum\" \/><\/p>\t\t\t\t\t\t\t\t<\/div>\n\t\t\t\t\t<\/div>\n\t\t<\/div>\n\t\t\t\t\t<\/div>\n\t\t<\/section>\n\t\t\t\t\t<\/div>\n\t\t<\/div>\n\t\t\t\t\t<\/div>\n\t\t<\/section>\n\t\t\t\t<section class=\"elementor-section elementor-top-section elementor-element elementor-element-5864e30d envato-kit-165-top-0 elementor-section-boxed elementor-section-height-default elementor-section-height-default\" data-id=\"5864e30d\" data-element_type=\"section\" data-e-type=\"section\" data-settings=\"{&quot;background_background&quot;:&quot;classic&quot;}\">\n\t\t\t\t\t\t<div class=\"elementor-container elementor-column-gap-no\">\n\t\t\t\t\t<div class=\"elementor-column elementor-col-100 elementor-top-column elementor-element elementor-element-7734c1c8\" data-id=\"7734c1c8\" data-element_type=\"column\" data-e-type=\"column\">\n\t\t\t<div class=\"elementor-widget-wrap elementor-element-populated\">\n\t\t\t\t\t\t<section class=\"elementor-section elementor-inner-section elementor-element elementor-element-3b5d17b2 elementor-section-content-middle elementor-section-boxed elementor-section-height-default elementor-section-height-default elementor-invisible\" data-id=\"3b5d17b2\" data-element_type=\"section\" data-e-type=\"section\" data-settings=\"{&quot;background_background&quot;:&quot;classic&quot;,&quot;animation&quot;:&quot;fadeIn&quot;,&quot;animation_delay&quot;:100}\">\n\t\t\t\t\t\t<div class=\"elementor-container elementor-column-gap-wider\">\n\t\t\t\t\t<div class=\"elementor-column elementor-col-100 elementor-inner-column elementor-element elementor-element-745de588\" data-id=\"745de588\" data-element_type=\"column\" data-e-type=\"column\" data-settings=\"{&quot;background_background&quot;:&quot;classic&quot;}\">\n\t\t\t<div class=\"elementor-widget-wrap elementor-element-populated\">\n\t\t\t\t\t\t<div class=\"elementor-element elementor-element-13daea47 elementor-invisible elementor-widget elementor-widget-heading\" data-id=\"13daea47\" data-element_type=\"widget\" data-e-type=\"widget\" data-settings=\"{&quot;_animation&quot;:&quot;fadeIn&quot;,&quot;_animation_delay&quot;:100}\" data-widget_type=\"heading.default\">\n\t\t\t\t\t<span class=\"elementor-heading-title elementor-size-default\">En savoir plus <\/span>\t\t\t\t<\/div>\n\t\t\t\t<div class=\"elementor-element elementor-element-d11381c elementor-widget__width-initial elementor-invisible elementor-widget elementor-widget-heading\" data-id=\"d11381c\" data-element_type=\"widget\" data-e-type=\"widget\" data-settings=\"{&quot;_animation&quot;:&quot;fadeIn&quot;,&quot;_animation_delay&quot;:150}\" data-widget_type=\"heading.default\">\n\t\t\t\t\t<h2 class=\"elementor-heading-title elementor-size-default\">MON PARCOURS<\/h2>\t\t\t\t<\/div>\n\t\t\t\t<div class=\"elementor-element elementor-element-c1965c7 elementor-widget__width-initial elementor-invisible elementor-widget elementor-widget-text-editor\" data-id=\"c1965c7\" data-element_type=\"widget\" data-e-type=\"widget\" data-settings=\"{&quot;_animation&quot;:&quot;fadeIn&quot;,&quot;_animation_delay&quot;:250}\" data-widget_type=\"text-editor.default\">\n\t\t\t\t\t\t\t\t\t<p class=\"p2\">Depuis que je suis tout petit, \u00e0 l&rsquo;\u00e2ge de 3 ans quand je jouais dans la cour de la maison familiale, mon attention \u00e9tait inexorablement attir\u00e9e vers le ciel o\u00f9 je pouvais rester de longues minutes \u00e0 contempler les nuages et les couleurs changeantes du firmament, tant\u00f4t bleu clair, tant\u00f4t bleu roi et parfois gris.<\/p><p class=\"p2\">J&rsquo;ai \u00e9t\u00e9 tr\u00e8s vite saisi d&rsquo;un fait particulier. A chaque fois que je devais honorer ce rendez-vous solitaire, mon regard se dirigeait presque automatiquement vers un coin du ciel, au sud, d&rsquo;o\u00f9 j&rsquo;avais de forts sentiments de conna\u00eetre, d&rsquo;y avoir travers\u00e9 avant mon arriv\u00e9e ici sur la Terre des Hommes. C&rsquo;\u00e9tait tellement probable et vibrant que j&rsquo;\u00e9tais persuad\u00e9 qu&rsquo;il y avait quelque chose d&rsquo;in\u00e9luctable l\u00e0-dedans. Jusqu\u2019\u00e0 ce jour, des d\u00e9cennies apr\u00e8s, lorsque je me remets dans ce contexte mental, je ressens exactement les m\u00eames vibrations qu\u2019avant. \u00c9tait-ce de par ce portail que mon \u00c2me transita pour s&rsquo;incarner dans les entrailles de ma tr\u00e8s ch\u00e8re m\u00e8re aujourd&rsquo;hui pass\u00e9e de l&rsquo;autre c\u00f4t\u00e9 ?<\/p><p class=\"p2\">Quoi qu&rsquo;il en soit, c&rsquo;est dans le terreau de cette \u00e9nigme que s&rsquo;est enracin\u00e9e mon enfance et qui a fait de moi un enfant pas tout \u00e0 fait comme les autres. Pas comme les autres, non pas par le fait d&rsquo;\u00eatre sup\u00e9rieur ou inf\u00e9rieur aux autres, mais par les dons et facult\u00e9s de perceptions extra-sensorielles et intuitives particuli\u00e8res qui me caract\u00e9risent depuis.<\/p><p class=\"p2\">Inconsciemment, j&rsquo;ai toujours soup\u00e7onn\u00e9 que j&rsquo;\u00e9tais en lien avec une force plus \u00e9lev\u00e9e, juste, g\u00e9n\u00e9reuse, bonne, parfaite et illimit\u00e9e sur laquelle je devais aligner mes comportements et actions de tous les instants. Une force que nous devons \u00e0 la fois craindre, respecter et v\u00e9n\u00e9rer.<\/p><p class=\"p2\">C&rsquo;est cette Energie qui a toujours orient\u00e9 mes choix vis \u00e0 vis de mes camarades d&rsquo;enfance, de mes parents et des gens de mon village, puis plus tard les gens tout court.<\/p><p class=\"p2\">Tr\u00e8s jeune d\u00e9j\u00e0, je me pr\u00e9occupais des conditions de vie difficile de mes parents et des habitants du village qui s&rsquo;en sortaient p\u00e9niblement avec les maigres revenus du travail de la terre. Je nourrissais alors beaucoup de compassion \u00e0 leur \u00e9gard, d&rsquo;autant que j&rsquo;en \u00e9tais partie-prenante et je r\u00eavais de changer \u00e7a d\u00e8s que j&rsquo;en aurai la possibilit\u00e9.<\/p><p class=\"p2\">Par ailleurs, j&rsquo;ai toujours eu le sentiment qu\u2019\u00eatre malade ou souffrant n&rsquo;\u00e9tait pas normal, que la pauvret\u00e9 et le manque en tout genre n&rsquo;\u00e9taient pas normal non plus. J\u2019\u00e9tais constamment anim\u00e9 par l\u2019envie presque obsessionnelle de gu\u00e9rir toute personne de mani\u00e8re spontan\u00e9e de toutes maladies et situations handicapantes, de combler les besoins financiers et mat\u00e9riels des villageois, leur donner le sourire comme par magie. C&rsquo;\u00e9tait la hantise de mon enfance !<\/p><p class=\"p2\">Plus tard, \u00e0 la suite d&rsquo;un grave et handicapant probl\u00e8me de sant\u00e9 survenu dans ma vie d&rsquo;adolescent qui m&rsquo;a conduit \u00e0 une lente et longue descente de marches vers les profondeurs de l&rsquo;incertitude, je regardais la vie se jouer devant mes yeux comme un animal en cage, sans pouvoir v\u00e9ritablement y poser significativement mon emprunte. En toute sinc\u00e9rit\u00e9, je ne souhaite pas rouvrir cette douloureuse \u00e9pisode de mon existence qui dura plusieurs ann\u00e9es et dont le processus de cicatrisation fut tr\u00e8s long.<\/p><p class=\"p2\">Toutefois, cette \u00ab\u00a0descente aux enfers\u00a0\u00bb, ponctu\u00e9e de larmes, solitude, d&rsquo;humiliations, de d\u00e9ceptions r\u00e9p\u00e9t\u00e9es, d&rsquo;\u00e9checs et d&rsquo;espoirs allait m&rsquo;ouvrir la grande la porte d&rsquo;un univers nouveau auquel je n&rsquo;\u00e9tais que peu habitu\u00e9, celui de l&rsquo;introspection. C&rsquo;est ce processus qui consiste \u00e0 se tourner vers l&rsquo;int\u00e9rieur de soi lorsque l&rsquo;on se sent coup\u00e9 du monde ext\u00e9rieur. C&rsquo;est un voyage qui nous invite \u00e0 nous poser mille questions, sur soi, sur les relations interpersonnelles, sur la soci\u00e9t\u00e9, sur le monde, sur la vie, sur le bien et le mal, le service \u00e0 autrui, sur l\u2019univers, sur qui sommes-nous et pourquoi nous sommes ici.<\/p><p class=\"p2\">Cet \u00e9tat de fait, qui dura pr\u00e8s de 20 ans, m&rsquo;amena \u00e0 contempler tant mon propre univers int\u00e9rieur que l&rsquo;univers \u00e9tendu, avec un grand centre d&rsquo;int\u00e9r\u00eat port\u00e9 sur les notions de bien, de service \u00e0 autrui, de la vie apr\u00e8s la mort, de la sant\u00e9 et de la gu\u00e9rison spontan\u00e9e, de l&rsquo;\u00e9ventualit\u00e9 de l&rsquo;existence d&rsquo;autres mondes et d&rsquo;autres peuples pouvant y r\u00e9sider.<\/p><p class=\"p2\">Toutes ces r\u00e9flexions, petit \u00e0 petit, sans que je ne me rende bien compte, m&#8217;emmen\u00e8rent sur un autre chemin, celui de l&rsquo;\u00e9mergence. C&rsquo;est \u00e0 dire de la remont\u00e9e progressive en surface, pour m&rsquo;apercevoir \u00e0 partir des ann\u00e9es 2005 que les liens qui m&rsquo;unissaient \u00e0 l&rsquo;Univers et l&rsquo;int\u00e9r\u00eat que j&rsquo;avais pour les choses subliminales \u00e9taient de plus en plus forts, passionnants et ind\u00e9fectibles.<\/p><p class=\"p2\">C&rsquo;est d&rsquo;ailleurs \u00e0 cette p\u00e9riode que je m&rsquo;apercevais aussi que je pouvais soulager des petites douleurs sur mes enfants, sur moi-m\u00eame et sur mon entourage. Ce qui m&rsquo;amusait beaucoup, bien que les r\u00e9sultats m&rsquo;intriguaient parfois.<\/p><p class=\"p2\">Progressivement, toujours \u00e0 mon insu, mon sens de perception et mes intuitions s&rsquo;affinaient davantage.<\/p><p class=\"p2\">Ce qui quelques ann\u00e9es auparavant me semblait \u00eatre une descente au fond du trou, s&rsquo;av\u00e9rait hypoth\u00e9tiquement \u00eatre un voyage initiatique \u00e0 l&rsquo;Int\u00e9rieur de moi-m\u00eame.<\/p><p class=\"p2\">Puis les choses ne cessaient de se pr\u00e9ciser. Des rencontres fortuites avec des inconnus devins se succ\u00e9daient, se multipliaient et s&rsquo;acc\u00e9l\u00e9raient. Ces grandes \u00c2mes m&rsquo;annon\u00e7aient tous presque les m\u00eames choses, en rapport avec l&rsquo;Amour(inconditionnel), la Lumi\u00e8re, la gu\u00e9rison, le soutient aux autres et d&rsquo;autres pr\u00e9dictions de ce genre.<\/p><p class=\"p2\">Au d\u00e9but, je ne pr\u00eatais pas trop d&rsquo;attention \u00e0 cela, \u00e7a rentrait d\u2019une oreille et \u00e7a ressortait de l&rsquo;autre. Mais lorsque plusieurs th\u00e9rapeutes que l&rsquo;on va voir pour soulager un enfant, des gens que l&rsquo;on croise dans la brume d&rsquo;une soir\u00e9e festive, des gens que l&rsquo;on croise en chemin, une gentille dame inconnue qui frappe \u00e0 votre porte ou encore un repr\u00e9sentant de commerce, vous disent les m\u00eames choses, sur une aussi longue p\u00e9riode, on finit par consid\u00e9rer la question sur un tout autre angle, d&rsquo;autant que cela semblait concorder presque point par point \u00e0 une vieille pri\u00e8re que j&rsquo;avais pris l&rsquo;habitude d&rsquo;adresser au Tout puissant Cr\u00e9ateur, lorsque je naviguais encore dans l&rsquo;incertitude. De plus, n&rsquo;\u00e9tait-ce pas en rapport avec les r\u00eaves de ma tendre enfance ?<\/p><p class=\"p2\">Puis je me suis dis que ce n&rsquo;\u00e9tait pas plus mal, puisque j&rsquo;avais demand\u00e9 un truc de ce genre et que j&rsquo;\u00e9tais toujours int\u00e9ress\u00e9<\/p><p class=\"p2\">Je me suis alors mis \u00e0 lire des dizaines et des dizaines de livres sur le sujet, \u00e0 assister \u00e0 des conf\u00e9rences, aux s\u00e9minaires, aux ateliers de Formations pour comprendre, apprendre \u00e0 ext\u00e9rioriser et \u00e0 exprimer ce potentiel qui sommeillait en moi.<\/p><p class=\"p2\">C&rsquo;est ainsi que de fil en aiguille, on se d\u00e9couvre, s&rsquo;accepte finalement, puis, inexorablement on entame r\u00e9ellement ce qu&rsquo;on est venu faire dans ce monde. Tr\u00e8s probablement sa mission de vie.<\/p>\t\t\t\t\t\t\t\t<\/div>\n\t\t\t\t\t<\/div>\n\t\t<\/div>\n\t\t\t\t\t<\/div>\n\t\t<\/section>\n\t\t\t\t\t<\/div>\n\t\t<\/div>\n\t\t\t\t\t<\/div>\n\t\t<\/section>\n\t\t\t\t<section class=\"elementor-section elementor-top-section elementor-element elementor-element-47524f18 elementor-section-boxed elementor-section-height-default elementor-section-height-default\" data-id=\"47524f18\" data-element_type=\"section\" data-e-type=\"section\" data-settings=\"{&quot;background_background&quot;:&quot;classic&quot;}\">\n\t\t\t\t\t\t\t<div class=\"elementor-background-overlay\"><\/div>\n\t\t\t\t\t\t\t<div class=\"elementor-container elementor-column-gap-default\">\n\t\t\t\t\t<div class=\"elementor-column elementor-col-100 elementor-top-column elementor-element elementor-element-17797021\" data-id=\"17797021\" data-element_type=\"column\" data-e-type=\"column\">\n\t\t\t<div class=\"elementor-widget-wrap elementor-element-populated\">\n\t\t\t\t\t\t<section class=\"elementor-section elementor-inner-section elementor-element elementor-element-77795c49 elementor-reverse-mobile elementor-section-boxed elementor-section-height-default elementor-section-height-default\" data-id=\"77795c49\" data-element_type=\"section\" data-e-type=\"section\">\n\t\t\t\t\t\t<div class=\"elementor-container elementor-column-gap-wider\">\n\t\t\t\t\t<div class=\"elementor-column elementor-col-100 elementor-inner-column elementor-element elementor-element-cc5b098\" data-id=\"cc5b098\" data-element_type=\"column\" data-e-type=\"column\" data-settings=\"{&quot;background_background&quot;:&quot;classic&quot;}\">\n\t\t\t<div class=\"elementor-widget-wrap elementor-element-populated\">\n\t\t\t\t\t\t<div class=\"elementor-element elementor-element-46115455 elementor-invisible elementor-widget elementor-widget-heading\" data-id=\"46115455\" data-element_type=\"widget\" data-e-type=\"widget\" data-settings=\"{&quot;_animation&quot;:&quot;fadeIn&quot;,&quot;_animation_delay&quot;:100}\" data-widget_type=\"heading.default\">\n\t\t\t\t\t<h2 class=\"elementor-heading-title elementor-size-default\">exp\u00e9rience<\/h2>\t\t\t\t<\/div>\n\t\t\t\t\t<\/div>\n\t\t<\/div>\n\t\t\t\t\t<\/div>\n\t\t<\/section>\n\t\t\t\t<section class=\"elementor-section elementor-inner-section elementor-element elementor-element-156d50fb elementor-reverse-mobile elementor-section-boxed elementor-section-height-default elementor-section-height-default\" data-id=\"156d50fb\" data-element_type=\"section\" data-e-type=\"section\">\n\t\t\t\t\t\t<div class=\"elementor-container elementor-column-gap-default\">\n\t\t\t\t\t<div class=\"elementor-column elementor-col-50 elementor-inner-column elementor-element elementor-element-4c2cf9dc elementor-invisible\" data-id=\"4c2cf9dc\" data-element_type=\"column\" data-e-type=\"column\" data-settings=\"{&quot;background_background&quot;:&quot;classic&quot;,&quot;animation&quot;:&quot;fadeIn&quot;,&quot;animation_delay&quot;:100}\">\n\t\t\t<div class=\"elementor-widget-wrap elementor-element-populated\">\n\t\t\t\t\t\t<div class=\"elementor-element elementor-element-22caad52 elementor-widget elementor-widget-counter\" data-id=\"22caad52\" data-element_type=\"widget\" data-e-type=\"widget\" data-widget_type=\"counter.default\">\n\t\t\t\t\t\t\t<div class=\"elementor-counter\">\n\t\t\t<div class=\"elementor-counter-title\">Exp\u00e9rience<\/div>\t\t\t<div class=\"elementor-counter-number-wrapper\">\n\t\t\t\t<span class=\"elementor-counter-number-prefix\"><\/span>\n\t\t\t\t<span class=\"elementor-counter-number\" data-duration=\"500\" data-to-value=\"10\" data-from-value=\"0\" data-delimiter=\",\">0<\/span>\n\t\t\t\t<span class=\"elementor-counter-number-suffix\">ans<\/span>\n\t\t\t<\/div>\n\t\t<\/div>\n\t\t\t\t\t\t<\/div>\n\t\t\t\t\t<\/div>\n\t\t<\/div>\n\t\t\t\t<div class=\"elementor-column elementor-col-50 elementor-inner-column elementor-element elementor-element-6699332e elementor-invisible\" data-id=\"6699332e\" data-element_type=\"column\" data-e-type=\"column\" data-settings=\"{&quot;background_background&quot;:&quot;classic&quot;,&quot;animation&quot;:&quot;fadeIn&quot;,&quot;animation_delay&quot;:400}\">\n\t\t\t<div class=\"elementor-widget-wrap elementor-element-populated\">\n\t\t\t\t\t\t<div class=\"elementor-element elementor-element-2508e617 elementor-widget elementor-widget-counter\" data-id=\"2508e617\" data-element_type=\"widget\" data-e-type=\"widget\" data-widget_type=\"counter.default\">\n\t\t\t\t\t\t\t<div class=\"elementor-counter\">\n\t\t\t<div class=\"elementor-counter-title\">Dipl\u00f4me<\/div>\t\t\t<div class=\"elementor-counter-number-wrapper\">\n\t\t\t\t<span class=\"elementor-counter-number-prefix\"><\/span>\n\t\t\t\t<span class=\"elementor-counter-number\" data-duration=\"100\" data-to-value=\"2016\" data-from-value=\"0\">0<\/span>\n\t\t\t\t<span class=\"elementor-counter-number-suffix\"><\/span>\n\t\t\t<\/div>\n\t\t<\/div>\n\t\t\t\t\t\t<\/div>\n\t\t\t\t\t<\/div>\n\t\t<\/div>\n\t\t\t\t\t<\/div>\n\t\t<\/section>\n\t\t\t\t\t<\/div>\n\t\t<\/div>\n\t\t\t\t\t<\/div>\n\t\t<\/section>\n\t\t\t\t<\/div>\n\t\t","protected":false},"excerpt":{"rendered":"<p>PR\u00c9SENTATION qui-SUIS-JE ? GASTON TCHOUAMOU Apr\u00e8s plusieurs ann\u00e9es d\u2019exp\u00e9rience dans le domaine du sport et de ses bienfaits sur le corps, puis la cr\u00e9ation de mon entreprise dans l\u2019outillage, j\u2019ai ressenti un profond besoin de retour aux sources. Cette qu\u00eate m\u2019a naturellement guid\u00e9e vers l\u2019humain, anim\u00e9e par l\u2019envie d\u2019accompagner, de soulager et de faciliter la [&hellip;]<\/p>\n","protected":false},"author":1,"featured_media":0,"parent":0,"menu_order":0,"comment_status":"closed","ping_status":"closed","template":"","meta":{"footnotes":""},"class_list":["post-107","page","type-page","status-publish","hentry"],"_links":{"self":[{"href":"https:\/\/merveillesquantiques.com\/index.php\/wp-json\/wp\/v2\/pages\/107","targetHints":{"allow":["GET"]}}],"collection":[{"href":"https:\/\/merveillesquantiques.com\/index.php\/wp-json\/wp\/v2\/pages"}],"about":[{"href":"https:\/\/merveillesquantiques.com\/index.php\/wp-json\/wp\/v2\/types\/page"}],"author":[{"embeddable":true,"href":"https:\/\/merveillesquantiques.com\/index.php\/wp-json\/wp\/v2\/users\/1"}],"replies":[{"embeddable":true,"href":"https:\/\/merveillesquantiques.com\/index.php\/wp-json\/wp\/v2\/comments?post=107"}],"version-history":[{"count":22,"href":"https:\/\/merveillesquantiques.com\/index.php\/wp-json\/wp\/v2\/pages\/107\/revisions"}],"predecessor-version":[{"id":365,"href":"https:\/\/merveillesquantiques.com\/index.php\/wp-json\/wp\/v2\/pages\/107\/revisions\/365"}],"wp:attachment":[{"href":"https:\/\/merveillesquantiques.com\/index.php\/wp-json\/wp\/v2\/media?parent=107"}],"curies":[{"name":"wp","href":"https:\/\/api.w.org\/{rel}","templated":true}]}}