{"id":277,"date":"2025-08-08T18:33:25","date_gmt":"2025-08-08T18:33:25","guid":{"rendered":"https:\/\/merveillesquantiques.com\/?page_id=277"},"modified":"2025-08-08T20:21:50","modified_gmt":"2025-08-08T20:21:50","slug":"mentions-legales","status":"publish","type":"page","link":"https:\/\/merveillesquantiques.com\/index.php\/mentions-legales\/","title":{"rendered":"Mentions l\u00e9gales"},"content":{"rendered":"\t\t<div data-elementor-type=\"wp-page\" data-elementor-id=\"277\" class=\"elementor elementor-277\">\n\t\t\t\t<div class=\"elementor-element elementor-element-419746c e-flex e-con-boxed e-con e-parent\" data-id=\"419746c\" data-element_type=\"container\" data-e-type=\"container\">\n\t\t\t\t\t<div class=\"e-con-inner\">\n\t\t\t\t<div class=\"elementor-element elementor-element-8b3b9eb elementor-widget elementor-widget-heading\" data-id=\"8b3b9eb\" data-element_type=\"widget\" data-e-type=\"widget\" data-widget_type=\"heading.default\">\n\t\t\t\t\t<h2 class=\"elementor-heading-title elementor-size-default\">MENTIONS L\u00c9GALES<\/h2>\t\t\t\t<\/div>\n\t\t\t\t\t<\/div>\n\t\t\t\t<\/div>\n\t\t<div class=\"elementor-element elementor-element-df8ae03 e-flex e-con-boxed e-con e-parent\" data-id=\"df8ae03\" data-element_type=\"container\" data-e-type=\"container\">\n\t\t\t\t\t<div class=\"e-con-inner\">\n\t\t\t\t<div class=\"elementor-element elementor-element-f9f28ae elementor-widget elementor-widget-text-editor\" data-id=\"f9f28ae\" data-element_type=\"widget\" data-e-type=\"widget\" data-widget_type=\"text-editor.default\">\n\t\t\t\t\t\t\t\t\t<h3><b>1. \u00c9diteur du site<\/b><\/h3><p><b>Nom de l\u2019entreprise<\/b><span style=\"font-weight: 400;\"> : Merveilles Quantiques<\/span><span style=\"font-weight: 400;\"><br \/><\/span> <b>Adresse<\/b><span style=\"font-weight: 400;\"> : 6 rue Pierre de Coubertin, 94510 La Queue-en-Brie, France<\/span><span style=\"font-weight: 400;\"><br \/><\/span> <b>T\u00e9l\u00e9phone<\/b><span style=\"font-weight: 400;\"> : 06 63 67 77 96<\/span><span style=\"font-weight: 400;\"><br \/><\/span> <b>Email<\/b><span style=\"font-weight: 400;\"> : gtmongo2@yahoo.fr<\/span><span style=\"font-weight: 400;\"><br \/><\/span> <b>Num\u00e9ro SIRET<\/b><span style=\"font-weight: 400;\"> : 843 319 245 00018<\/span><span style=\"font-weight: 400;\"><br \/><\/span> <b>Responsable de la publication<\/b><span style=\"font-weight: 400;\"> : Gaston Tchouamou<\/span><\/p><h3><b>2. H\u00e9bergeur du site<\/b><\/h3><p><b>H\u00e9bergeur<\/b><span style=\"font-weight: 400;\"> : OVH<\/span><span style=\"font-weight: 400;\"><br \/><\/span> <b>Adresse<\/b><span style=\"font-weight: 400;\"> : 2 rue Kellermann, 59100 Roubaix, France<\/span><span style=\"font-weight: 400;\"><br \/><\/span> <b>T\u00e9l\u00e9phone<\/b><span style=\"font-weight: 400;\"> : 1007<\/span><span style=\"font-weight: 400;\"><br \/><\/span> <b>Site web<\/b><span style=\"font-weight: 400;\"> : https:\/\/www.ovhcloud.com<\/span><\/p><h3><b>3. Propri\u00e9t\u00e9 intellectuelle<\/b><\/h3><p><span style=\"font-weight: 400;\">L\u2019ensemble du contenu du site Merveilles Quantiques (textes, images, vid\u00e9os, graphismes, logo, etc.) est prot\u00e9g\u00e9 par le droit d\u2019auteur et le droit de la propri\u00e9t\u00e9 intellectuelle. Certaines images utilis\u00e9es sur le site Merveilles Quantiques proviennent de banques d\u2019images libres de droit notamment tel que Pixabay.<\/span><\/p><p><span style=\"font-weight: 400;\">Ces images sont utilis\u00e9es conform\u00e9ment aux conditions d\u2019utilisation de ces plateformes.<\/span><\/p><p><span style=\"font-weight: 400;\">Si vous \u00eates auteur d\u2019une image utilis\u00e9e par erreur ou si vous souhaitez que celle-ci soit retir\u00e9e, vous pouvez nous contacter via le formulaire de contact ou par t\u00e9l\u00e9phone.<\/span><\/p><p><span style=\"font-weight: 400;\">Toute reproduction, repr\u00e9sentation, diffusion, modification ou exploitation, partielle ou totale, du contenu du site est strictement interdite sans l\u2019autorisation \u00e9crite pr\u00e9alable de Merveilles Quantiques.<\/span><\/p><h3><b>4. Donn\u00e9es personnelles<\/b><\/h3><p><span style=\"font-weight: 400;\">Les donn\u00e9es personnelles collect\u00e9es sur ce site (via les formulaires de contact, de r\u00e9servation ou d\u2019inscription) sont uniquement destin\u00e9es \u00e0 un usage interne.<\/span><\/p><p><span style=\"font-weight: 400;\">Conform\u00e9ment au <\/span><b>R\u00e8glement G\u00e9n\u00e9ral sur la Protection des Donn\u00e9es (RGPD)<\/b><span style=\"font-weight: 400;\">, vous disposez d\u2019un droit d\u2019acc\u00e8s, de rectification, de suppression et d\u2019opposition concernant vos donn\u00e9es personnelles.<\/span><span style=\"font-weight: 400;\"><br \/><\/span><span style=\"font-weight: 400;\"> Pour exercer ce droit, vous pouvez nous contacter \u00e0 l\u2019adresse suivante : 06 63 67 77 96<\/span><\/p><h3><b>5. Cookies<\/b><\/h3><p><span style=\"font-weight: 400;\">Le site peut \u00eatre amen\u00e9 \u00e0 utiliser des cookies pour am\u00e9liorer l\u2019exp\u00e9rience utilisateur et collecter des statistiques anonymes de navigation.<\/span><\/p><p><span style=\"font-weight: 400;\">L\u2019utilisateur peut \u00e0 tout moment refuser ou modifier l\u2019utilisation des cookies via le bandeau d\u2019acceptation conforme au RGPD.<\/span><\/p><h3><b>6. Responsabilit\u00e9<\/b><\/h3><p><span style=\"font-weight: 400;\">Merveilles Quantiques s\u2019efforce de fournir sur son site des informations aussi pr\u00e9cises que possible. Toutefois, l\u2019entreprise ne pourra \u00eatre tenue responsable des omissions, inexactitudes ou carences dans la mise \u00e0 jour, qu\u2019elles soient de son fait ou du fait de tiers.<\/span><\/p><p><span style=\"font-weight: 400;\">L\u2019utilisateur est seul responsable de l\u2019utilisation qu\u2019il fait du contenu du site.<\/span><\/p><h3><b>7. Droit applicable<\/b><\/h3><p><span style=\"font-weight: 400;\">Le pr\u00e9sent site est soumis au droit fran\u00e7ais. En cas de litige, et \u00e0 d\u00e9faut de r\u00e9solution amiable, les tribunaux fran\u00e7ais seront seuls comp\u00e9tents.<\/span><\/p>\t\t\t\t\t\t\t\t<\/div>\n\t\t\t\t\t<\/div>\n\t\t\t\t<\/div>\n\t\t\t\t<\/div>\n\t\t","protected":false},"excerpt":{"rendered":"<p>MENTIONS L\u00c9GALES 1. \u00c9diteur du site Nom de l\u2019entreprise : Merveilles Quantiques Adresse : 6 rue Pierre de Coubertin, 94510 La Queue-en-Brie, France T\u00e9l\u00e9phone : 06 63 67 77 96 Email : gtmongo2@yahoo.fr Num\u00e9ro SIRET : 843 319 245 00018 Responsable de la publication : Gaston Tchouamou 2. H\u00e9bergeur du site H\u00e9bergeur : OVH Adresse [&hellip;]<\/p>\n","protected":false},"author":1,"featured_media":0,"parent":0,"menu_order":0,"comment_status":"closed","ping_status":"closed","template":"","meta":{"footnotes":""},"class_list":["post-277","page","type-page","status-publish","hentry"],"_links":{"self":[{"href":"https:\/\/merveillesquantiques.com\/index.php\/wp-json\/wp\/v2\/pages\/277","targetHints":{"allow":["GET"]}}],"collection":[{"href":"https:\/\/merveillesquantiques.com\/index.php\/wp-json\/wp\/v2\/pages"}],"about":[{"href":"https:\/\/merveillesquantiques.com\/index.php\/wp-json\/wp\/v2\/types\/page"}],"author":[{"embeddable":true,"href":"https:\/\/merveillesquantiques.com\/index.php\/wp-json\/wp\/v2\/users\/1"}],"replies":[{"embeddable":true,"href":"https:\/\/merveillesquantiques.com\/index.php\/wp-json\/wp\/v2\/comments?post=277"}],"version-history":[{"count":14,"href":"https:\/\/merveillesquantiques.com\/index.php\/wp-json\/wp\/v2\/pages\/277\/revisions"}],"predecessor-version":[{"id":331,"href":"https:\/\/merveillesquantiques.com\/index.php\/wp-json\/wp\/v2\/pages\/277\/revisions\/331"}],"wp:attachment":[{"href":"https:\/\/merveillesquantiques.com\/index.php\/wp-json\/wp\/v2\/media?parent=277"}],"curies":[{"name":"wp","href":"https:\/\/api.w.org\/{rel}","templated":true}]}}